{"id":2683,"date":"2018-01-23T10:37:05","date_gmt":"2018-01-23T09:37:05","guid":{"rendered":"http:\/\/staging.alimad.be\/?post_type=product&#038;p=2683"},"modified":"2018-01-23T10:38:26","modified_gmt":"2018-01-23T09:38:26","slug":"orange-blossom-water-alzahra-2","status":"publish","type":"product","link":"https:\/\/www.alimad.be\/en\/product\/orange-blossom-water-alzahra-2\/","title":{"rendered":"Orange Blossom Water ALZAHRA"},"content":{"rendered":"<div class=\"wpb-content-wrapper\"><p>[vc_row][vc_column][vc_column_text]<\/p>\n<table>\n<tbody>\n<tr>\n<td>POIDS\/VOLUME<\/td>\n<td>1000 ML<\/td>\n<td>UNIT\u00c9S\/COLIS<\/td>\n<td>6<\/td>\n<\/tr>\n<tr>\n<td>COLIS\/PALETTE<\/td>\n<td>76<\/td>\n<td>COUCHES\/PALETTE<\/td>\n<td>4<\/td>\n<\/tr>\n<tr>\n<td>POIDS NET\/PALETTE<\/td>\n<td>456.00 KG<\/td>\n<td>POIDS BRUT\/PALETTE<\/td>\n<td>684.00 KG<\/td>\n<\/tr>\n<\/tbody>\n<\/table>\n<p>[\/vc_column_text][\/vc_column][\/vc_row]<\/p>\n<\/div>","protected":false},"excerpt":{"rendered":"<p>[vc_row][vc_column][vc_column_text] POIDS\/VOLUME 1000 ML UNIT\u00c9S\/COLIS 6 COLIS\/PALETTE 76 COUCHES\/PALETTE 4 POIDS NET\/PALETTE 456.00 KG POIDS BRUT\/PALETTE 684.00 KG [\/vc_column_text][\/vc_column][\/vc_row]<\/p>\n","protected":false},"featured_media":2657,"template":"","meta":{"_exactmetrics_skip_tracking":false,"_exactmetrics_sitenote_active":false,"_exactmetrics_sitenote_note":"","_exactmetrics_sitenote_category":0,"_monsterinsights_skip_tracking":false,"_monsterinsights_sitenote_active":false,"_monsterinsights_sitenote_note":"","_monsterinsights_sitenote_category":0},"product_brand":[],"product_cat":[69],"product_tag":[],"class_list":{"0":"post-2683","1":"product","2":"type-product","3":"status-publish","4":"has-post-thumbnail","6":"product_cat-orange-blossom","8":"first","9":"instock","10":"shipping-taxable","11":"purchasable","12":"product-type-simple"},"yoast_head":"<!-- This site is optimized with the Yoast SEO plugin v26.8 - https:\/\/yoast.com\/product\/yoast-seo-wordpress\/ -->\n<title>Orange Blossom Water ALZAHRA - Alimad Food<\/title>\n<meta name=\"robots\" content=\"index, follow, max-snippet:-1, max-image-preview:large, max-video-preview:-1\" \/>\n<link rel=\"canonical\" href=\"https:\/\/www.alimad.be\/en\/product\/orange-blossom-water-alzahra-2\/\" \/>\n<meta property=\"og:locale\" content=\"en_US\" \/>\n<meta property=\"og:type\" content=\"article\" \/>\n<meta property=\"og:title\" content=\"Orange Blossom Water ALZAHRA - Alimad Food\" \/>\n<meta property=\"og:description\" content=\"[vc_row][vc_column][vc_column_text] POIDS\/VOLUME 1000 ML UNIT\u00c9S\/COLIS 6 COLIS\/PALETTE 76 COUCHES\/PALETTE 4 POIDS NET\/PALETTE 456.00 KG POIDS BRUT\/PALETTE 684.00 KG [\/vc_column_text][\/vc_column][\/vc_row]\" \/>\n<meta property=\"og:url\" content=\"https:\/\/www.alimad.be\/en\/product\/orange-blossom-water-alzahra-2\/\" \/>\n<meta property=\"og:site_name\" content=\"Alimad Food\" \/>\n<meta property=\"article:modified_time\" content=\"2018-01-23T09:38:26+00:00\" \/>\n<meta property=\"og:image\" content=\"https:\/\/www.alimad.be\/wp-content\/uploads\/2018\/01\/FO-1L-VERT-ALZAHRA.jpg\" \/>\n\t<meta property=\"og:image:width\" content=\"800\" \/>\n\t<meta property=\"og:image:height\" content=\"800\" \/>\n\t<meta property=\"og:image:type\" content=\"image\/jpeg\" \/>\n<meta name=\"twitter:card\" content=\"summary_large_image\" \/>\n<script type=\"application\/ld+json\" class=\"yoast-schema-graph\">{\"@context\":\"https:\/\/schema.org\",\"@graph\":[{\"@type\":\"WebPage\",\"@id\":\"https:\/\/www.alimad.be\/en\/product\/orange-blossom-water-alzahra-2\/\",\"url\":\"https:\/\/www.alimad.be\/en\/product\/orange-blossom-water-alzahra-2\/\",\"name\":\"Orange Blossom Water ALZAHRA - Alimad Food\",\"isPartOf\":{\"@id\":\"https:\/\/www.alimad.be\/#website\"},\"primaryImageOfPage\":{\"@id\":\"https:\/\/www.alimad.be\/en\/product\/orange-blossom-water-alzahra-2\/#primaryimage\"},\"image\":{\"@id\":\"https:\/\/www.alimad.be\/en\/product\/orange-blossom-water-alzahra-2\/#primaryimage\"},\"thumbnailUrl\":\"https:\/\/www.alimad.be\/wp-content\/uploads\/2018\/01\/FO-1L-VERT-ALZAHRA.jpg\",\"datePublished\":\"2018-01-23T09:37:05+00:00\",\"dateModified\":\"2018-01-23T09:38:26+00:00\",\"breadcrumb\":{\"@id\":\"https:\/\/www.alimad.be\/en\/product\/orange-blossom-water-alzahra-2\/#breadcrumb\"},\"inLanguage\":\"en-US\",\"potentialAction\":[{\"@type\":\"ReadAction\",\"target\":[\"https:\/\/www.alimad.be\/en\/product\/orange-blossom-water-alzahra-2\/\"]}]},{\"@type\":\"ImageObject\",\"inLanguage\":\"en-US\",\"@id\":\"https:\/\/www.alimad.be\/en\/product\/orange-blossom-water-alzahra-2\/#primaryimage\",\"url\":\"https:\/\/www.alimad.be\/wp-content\/uploads\/2018\/01\/FO-1L-VERT-ALZAHRA.jpg\",\"contentUrl\":\"https:\/\/www.alimad.be\/wp-content\/uploads\/2018\/01\/FO-1L-VERT-ALZAHRA.jpg\",\"width\":800,\"height\":800},{\"@type\":\"BreadcrumbList\",\"@id\":\"https:\/\/www.alimad.be\/en\/product\/orange-blossom-water-alzahra-2\/#breadcrumb\",\"itemListElement\":[{\"@type\":\"ListItem\",\"position\":1,\"name\":\"Accueil\",\"item\":\"https:\/\/www.alimad.be\/en\/\"},{\"@type\":\"ListItem\",\"position\":2,\"name\":\"Shop\",\"item\":\"https:\/\/www.alimad.be\/en\/shop\/\"},{\"@type\":\"ListItem\",\"position\":3,\"name\":\"Orange Blossom Water ALZAHRA\"}]},{\"@type\":\"WebSite\",\"@id\":\"https:\/\/www.alimad.be\/#website\",\"url\":\"https:\/\/www.alimad.be\/\",\"name\":\"Alimad Food\",\"description\":\"Soci\u00e9t\u00e9 Belge de production de Jus, Sirop de Glucose et Eaux aromatis\u00e9es sous ses propres marques et sous marques de distributeurs.\",\"potentialAction\":[{\"@type\":\"SearchAction\",\"target\":{\"@type\":\"EntryPoint\",\"urlTemplate\":\"https:\/\/www.alimad.be\/?s={search_term_string}\"},\"query-input\":{\"@type\":\"PropertyValueSpecification\",\"valueRequired\":true,\"valueName\":\"search_term_string\"}}],\"inLanguage\":\"en-US\"}]}<\/script>\n<!-- \/ Yoast SEO plugin. -->","yoast_head_json":{"title":"Orange Blossom Water ALZAHRA - Alimad Food","robots":{"index":"index","follow":"follow","max-snippet":"max-snippet:-1","max-image-preview":"max-image-preview:large","max-video-preview":"max-video-preview:-1"},"canonical":"https:\/\/www.alimad.be\/en\/product\/orange-blossom-water-alzahra-2\/","og_locale":"en_US","og_type":"article","og_title":"Orange Blossom Water ALZAHRA - Alimad Food","og_description":"[vc_row][vc_column][vc_column_text] POIDS\/VOLUME 1000 ML UNIT\u00c9S\/COLIS 6 COLIS\/PALETTE 76 COUCHES\/PALETTE 4 POIDS NET\/PALETTE 456.00 KG POIDS BRUT\/PALETTE 684.00 KG [\/vc_column_text][\/vc_column][\/vc_row]","og_url":"https:\/\/www.alimad.be\/en\/product\/orange-blossom-water-alzahra-2\/","og_site_name":"Alimad Food","article_modified_time":"2018-01-23T09:38:26+00:00","og_image":[{"width":800,"height":800,"url":"https:\/\/www.alimad.be\/wp-content\/uploads\/2018\/01\/FO-1L-VERT-ALZAHRA.jpg","type":"image\/jpeg"}],"twitter_card":"summary_large_image","schema":{"@context":"https:\/\/schema.org","@graph":[{"@type":"WebPage","@id":"https:\/\/www.alimad.be\/en\/product\/orange-blossom-water-alzahra-2\/","url":"https:\/\/www.alimad.be\/en\/product\/orange-blossom-water-alzahra-2\/","name":"Orange Blossom Water ALZAHRA - Alimad Food","isPartOf":{"@id":"https:\/\/www.alimad.be\/#website"},"primaryImageOfPage":{"@id":"https:\/\/www.alimad.be\/en\/product\/orange-blossom-water-alzahra-2\/#primaryimage"},"image":{"@id":"https:\/\/www.alimad.be\/en\/product\/orange-blossom-water-alzahra-2\/#primaryimage"},"thumbnailUrl":"https:\/\/www.alimad.be\/wp-content\/uploads\/2018\/01\/FO-1L-VERT-ALZAHRA.jpg","datePublished":"2018-01-23T09:37:05+00:00","dateModified":"2018-01-23T09:38:26+00:00","breadcrumb":{"@id":"https:\/\/www.alimad.be\/en\/product\/orange-blossom-water-alzahra-2\/#breadcrumb"},"inLanguage":"en-US","potentialAction":[{"@type":"ReadAction","target":["https:\/\/www.alimad.be\/en\/product\/orange-blossom-water-alzahra-2\/"]}]},{"@type":"ImageObject","inLanguage":"en-US","@id":"https:\/\/www.alimad.be\/en\/product\/orange-blossom-water-alzahra-2\/#primaryimage","url":"https:\/\/www.alimad.be\/wp-content\/uploads\/2018\/01\/FO-1L-VERT-ALZAHRA.jpg","contentUrl":"https:\/\/www.alimad.be\/wp-content\/uploads\/2018\/01\/FO-1L-VERT-ALZAHRA.jpg","width":800,"height":800},{"@type":"BreadcrumbList","@id":"https:\/\/www.alimad.be\/en\/product\/orange-blossom-water-alzahra-2\/#breadcrumb","itemListElement":[{"@type":"ListItem","position":1,"name":"Accueil","item":"https:\/\/www.alimad.be\/en\/"},{"@type":"ListItem","position":2,"name":"Shop","item":"https:\/\/www.alimad.be\/en\/shop\/"},{"@type":"ListItem","position":3,"name":"Orange Blossom Water ALZAHRA"}]},{"@type":"WebSite","@id":"https:\/\/www.alimad.be\/#website","url":"https:\/\/www.alimad.be\/","name":"Alimad Food","description":"Soci\u00e9t\u00e9 Belge de production de Jus, Sirop de Glucose et Eaux aromatis\u00e9es sous ses propres marques et sous marques de distributeurs.","potentialAction":[{"@type":"SearchAction","target":{"@type":"EntryPoint","urlTemplate":"https:\/\/www.alimad.be\/?s={search_term_string}"},"query-input":{"@type":"PropertyValueSpecification","valueRequired":true,"valueName":"search_term_string"}}],"inLanguage":"en-US"}]}},"_links":{"self":[{"href":"https:\/\/www.alimad.be\/en\/wp-json\/wp\/v2\/product\/2683","targetHints":{"allow":["GET"]}}],"collection":[{"href":"https:\/\/www.alimad.be\/en\/wp-json\/wp\/v2\/product"}],"about":[{"href":"https:\/\/www.alimad.be\/en\/wp-json\/wp\/v2\/types\/product"}],"wp:featuredmedia":[{"embeddable":true,"href":"https:\/\/www.alimad.be\/en\/wp-json\/wp\/v2\/media\/2657"}],"wp:attachment":[{"href":"https:\/\/www.alimad.be\/en\/wp-json\/wp\/v2\/media?parent=2683"}],"wp:term":[{"taxonomy":"product_brand","embeddable":true,"href":"https:\/\/www.alimad.be\/en\/wp-json\/wp\/v2\/product_brand?post=2683"},{"taxonomy":"product_cat","embeddable":true,"href":"https:\/\/www.alimad.be\/en\/wp-json\/wp\/v2\/product_cat?post=2683"},{"taxonomy":"product_tag","embeddable":true,"href":"https:\/\/www.alimad.be\/en\/wp-json\/wp\/v2\/product_tag?post=2683"}],"curies":[{"name":"wp","href":"https:\/\/api.w.org\/{rel}","templated":true}]}}