{"id":2302,"date":"2018-01-15T14:51:33","date_gmt":"2018-01-15T13:51:33","guid":{"rendered":"http:\/\/staging.alimad.be\/?page_id=2302"},"modified":"2018-01-17T10:30:46","modified_gmt":"2018-01-17T09:30:46","slug":"about-us","status":"publish","type":"page","link":"https:\/\/www.alimad.be\/en\/about-us\/","title":{"rendered":"About us"},"content":{"rendered":"<div class=\"wpb-content-wrapper\"><p>[vc_row content_placement=&#8221;middle&#8221; css=&#8221;.vc_custom_1512576293047{margin-top: 75px !important;}&#8221;][vc_column width=&#8221;1\/2&#8243;]<div class=\"sc_section align_captions_left sc_section_block \" style=\"max-width: 470px;\"><div class=\"sc_section_inner\"><h3 class=\"sc_section_title sc_item_title\">Agency<\/h3><h6 class=\"sc_section_subtitle sc_item_subtitle\">Our history<\/h6><div class=\"sc_section_content_wrap\"><div id=\"sc_tabs_72894312\" class=\"sc_tabs sc_tabs_style_1\" data-active=\"0\"><ul class=\"sc_tabs_titles\"><li class=\"sc_tabs_title first\"><a href=\"#sc_tab_1458736504_1_31\" class=\"theme_button\" id=\"sc_tab_1458736504_1_31_tab\">1985<\/a><\/li><li class=\"sc_tabs_title\"><a href=\"#sc_tab_1458736504_2_80\" class=\"theme_button\" id=\"sc_tab_1458736504_2_80_tab\">2005<\/a><\/li><li class=\"sc_tabs_title\"><a href=\"#sc_tab_1458736701011_2\" class=\"theme_button\" id=\"sc_tab_1458736701011_2_tab\">2010<\/a><\/li><li class=\"sc_tabs_title last\"><a href=\"#sc_tab_1458736702163_4\" class=\"theme_button\" id=\"sc_tab_1458736702163_4_tab\">2017<\/a><\/li><\/ul><div id=\"sc_tab_1458736504_1_31\" class=\"sc_tabs_content odd first\">[vc_column_text]Alimad S.A. was founded in Brussels in 1985.<br \/>\nIts core business is Aromatized Water for the distribution markets, central purchasing and wholesalers.<\/p>\n<p>Thanks to valuable experience gained from Lebanon and Greece, Alimad sets up its manufacturing unit in Belgium.<\/p>\n<p>Very quickly, the remarkable quality of our products as well as our competitive prices have made us the leaders in this field.[\/vc_column_text]<\/div><div id=\"sc_tab_1458736504_2_80\" class=\"sc_tabs_content even\">[vc_column_text]The birth of Alimad Food S.A., the daughter company of Alimad S.A., strategically located in Wallonia.<\/p>\n<p>Its Research and Development (R &amp; D) department designs its own formulas, ensures optimum quality and remains in constant search for new products.<\/p>\n<p>The range of Alimad Food is currently composed of Orange Blossom Water, Rose Water, Lemon Specialty and Glucose Syrup.[\/vc_column_text]<\/div><div id=\"sc_tab_1458736701011_2\" class=\"sc_tabs_content odd\">[vc_column_text]The company expands its range of merchandises by investing in an assembly-line to launch the production of new dyes and flavors that best meet the needs of the Food and Beverage (F&amp;B) market.[\/vc_column_text]<\/div><div id=\"sc_tab_1458736702163_4\" class=\"sc_tabs_content even\">[vc_column_text]Today, &#8220;Alimad Food&#8221; products have won the trust of consumers around the globe with a dominant presence in Europe, earning them the place of Leaders in the market.<\/p>\n<p>We assure to all our products a conformity with the standards and the legislation in force of the consuming country.<\/p>\n<p>Our research and development (R &amp; D) department is at your disposal for the development of new products that can best meet your requirements.[\/vc_column_text]<\/div><\/div><\/div><\/div><\/div>[\/vc_column][vc_column width=&#8221;1\/2&#8243;]<div class=\"cq-coverslider  navigation-float-right tinyshadow customized navigation-isfloat\" data-imagemaxheight=\"300\" data-buttonbackground=\"#47715e\" data-buttonhoverbackground=\"#9bc928\" data-contentbackground=\"\" data-contentcolor=\"\" data-arrowcolor=\"#ffffff\" data-arrowhovercolor=\"\" data-delaytime=\"5\"><div class=\"cq-coverslider-area btn-large square\"><div class=\"cq-coverslider-cover\"><div class=\"cq-coverslider-itemcontainer\"><div class=\"cq-coverslider-imageitem\"><img decoding=\"async\" src=\"https:\/\/www.alimad.be\/wp-content\/uploads\/2016\/03\/alimad-1-1.jpg\" class=\"cq-coverslider-image\" alt=\"\"\n><\/div><div class=\"cq-coverslider-imageitem\"><img decoding=\"async\" src=\"https:\/\/www.alimad.be\/wp-content\/uploads\/2016\/03\/alimad-2-1.jpg\" class=\"cq-coverslider-image\" alt=\"\"\n><\/div><div class=\"cq-coverslider-imageitem\"><img decoding=\"async\" src=\"https:\/\/www.alimad.be\/wp-content\/uploads\/2016\/03\/alimad-3-1.jpg\" class=\"cq-coverslider-image\" alt=\"\"\n><\/div><div class=\"cq-coverslider-imageitem\"><img decoding=\"async\" src=\"https:\/\/www.alimad.be\/wp-content\/uploads\/2016\/03\/alimad-4-1.jpg\" class=\"cq-coverslider-image\" alt=\"\"\n><\/div><\/div><\/div><div class=\"cq-coverslider-content\"><div class=\"cq-coverslider-contentitem\"><\/div><div class=\"cq-coverslider-contentitem\"><\/div><div class=\"cq-coverslider-contentitem\"><\/div><div class=\"cq-coverslider-contentitem\"><\/div><\/div><\/div><div class=\"cq-coverslider-navigation btn-large\"><div class=\"coverslider-navigation-prev\"><i class=\"cq-coverslider-icon entypo-icon entypo-icon-left-open-big\"><\/i><\/div><div class=\"coverslider-navigation-next\"><i class=\"cq-coverslider-icon entypo-icon entypo-icon-right-open-big\"><\/i><\/div><\/div><\/div>[\/vc_column][\/vc_row][vc_row css=&#8221;.vc_custom_1458658244047{margin-top: 6.5rem !important;}&#8221;][vc_column]<div id=\"sc_team_363312743_wrap\" class=\"sc_team_wrap\"><div id=\"sc_team_363312743\" class=\"sc_team sc_team_style_team-1  aligncenter\" style=\"width:100%;\"><h3 class=\"sc_team_title sc_item_title\">Our Team<\/h3><h6 class=\"sc_team_subtitle sc_item_subtitle\">We are passionate!<\/h6><div class=\"sc_columns columns_wrap\"><div class=\"column-1_4 column_padding_bottom\">\t\t\t<div id=\"sc_team_363312743_1\"\t\t\t\tclass=\"sc_team_item sc_team_item_1 odd first\"\n\t\t\t\t>\n\t\t\t\t<div class=\"sc_team_item_avatar\"><img loading=\"lazy\" decoding=\"async\" class=\"wp-post-image\" width=\"370\" height=\"480\" alt=\"Samir Abousleiman\" src=\"https:\/\/www.alimad.be\/wp-content\/uploads\/2016\/03\/ceo-370x480.jpg\"><\/div>\n\t\t\t\t<div class=\"sc_team_item_info\">\n\t\t\t\t\t<h5 class=\"sc_team_item_title\"><a href=\"https:\/\/www.alimad.be\/en\/team\/samir-abousleiman\/\">Samir Abousleiman<\/a><\/h5>\n\t\t\t\t\t<div class=\"sc_team_item_position\"><\/div>\n\t\t\t\t\t<div class=\"sc_team_item_description\">Chief Executive Officer Samir@alimad.be<\/div>\n\t\t\t\t\t<div class=\"sc_socials sc_socials_type_icons sc_socials_shape_round sc_socials_size_tiny\"><div class=\"sc_socials_item\"><a href=\"https:\/\/www.facebook.com\/alimadfood\/\" target=\"_blank\" class=\"social_icons social_facebook\"><span class=\"icon-facebook\"><\/span><\/a><\/div><div class=\"sc_socials_item\"><a href=\"https:\/\/www.linkedin.com\/in\/alimad-food-s-a-354176157\/\" target=\"_blank\" class=\"social_icons social_linkedin\"><span class=\"icon-linkedin\"><\/span><\/a><\/div><\/div>\t\t\t\t<\/div>\n\t\t\t<\/div>\n\t\t<\/div><div class=\"column-1_4 column_padding_bottom\">\t\t\t<div id=\"sc_team_363312743_2\"\t\t\t\tclass=\"sc_team_item sc_team_item_2 even\"\n\t\t\t\t>\n\t\t\t\t<div class=\"sc_team_item_avatar\"><img loading=\"lazy\" decoding=\"async\" class=\"wp-post-image\" width=\"370\" height=\"480\" alt=\"Roula Akiki\" src=\"https:\/\/www.alimad.be\/wp-content\/uploads\/2016\/03\/secretary-370x480.jpg\"><\/div>\n\t\t\t\t<div class=\"sc_team_item_info\">\n\t\t\t\t\t<h5 class=\"sc_team_item_title\"><a href=\"https:\/\/www.alimad.be\/en\/team\/roula-akiki\/\">Roula Akiki<\/a><\/h5>\n\t\t\t\t\t<div class=\"sc_team_item_position\"><\/div>\n\t\t\t\t\t<div class=\"sc_team_item_description\">Secretary and Accounting info@alimad.be<\/div>\n\t\t\t\t\t<div class=\"sc_socials sc_socials_type_icons sc_socials_shape_round sc_socials_size_tiny\"><div class=\"sc_socials_item\"><a href=\"https:\/\/www.facebook.com\/alimadfood\/\" target=\"_blank\" class=\"social_icons social_facebook\"><span class=\"icon-facebook\"><\/span><\/a><\/div><div class=\"sc_socials_item\"><a href=\"https:\/\/www.linkedin.com\/in\/alimad-food-s-a-354176157\/\" target=\"_blank\" class=\"social_icons social_linkedin\"><span class=\"icon-linkedin\"><\/span><\/a><\/div><\/div>\t\t\t\t<\/div>\n\t\t\t<\/div>\n\t\t<\/div><div class=\"column-1_4 column_padding_bottom\">\t\t\t<div id=\"sc_team_363312743_3\"\t\t\t\tclass=\"sc_team_item sc_team_item_3 odd\"\n\t\t\t\t>\n\t\t\t\t<div class=\"sc_team_item_avatar\"><img loading=\"lazy\" decoding=\"async\" class=\"wp-post-image\" width=\"370\" height=\"480\" alt=\"Corinne Joubran\" src=\"https:\/\/www.alimad.be\/wp-content\/uploads\/2016\/03\/rd-1-370x480.jpg\"><\/div>\n\t\t\t\t<div class=\"sc_team_item_info\">\n\t\t\t\t\t<h5 class=\"sc_team_item_title\"><a href=\"https:\/\/www.alimad.be\/en\/team\/corinne-joubran-2\/\">Corinne Joubran<\/a><\/h5>\n\t\t\t\t\t<div class=\"sc_team_item_position\"><\/div>\n\t\t\t\t\t<div class=\"sc_team_item_description\">Pharmacist &#8211; Biologist Quality Control &#8211; R&amp;D corinne@alimad.be<\/div>\n\t\t\t\t\t<div class=\"sc_socials sc_socials_type_icons sc_socials_shape_round sc_socials_size_tiny\"><div class=\"sc_socials_item\"><a href=\"https:\/\/www.facebook.com\/alimadfood\/\" target=\"_blank\" class=\"social_icons social_facebook\"><span class=\"icon-facebook\"><\/span><\/a><\/div><div class=\"sc_socials_item\"><a href=\"https:\/\/www.linkedin.com\/in\/alimad-food-s-a-354176157\/\" target=\"_blank\" class=\"social_icons social_linkedin\"><span class=\"icon-linkedin\"><\/span><\/a><\/div><\/div>\t\t\t\t<\/div>\n\t\t\t<\/div>\n\t\t<\/div><div class=\"column-1_4 column_padding_bottom\">\t\t\t<div id=\"sc_team_363312743_4\"\t\t\t\tclass=\"sc_team_item sc_team_item_4 even\"\n\t\t\t\t>\n\t\t\t\t<div class=\"sc_team_item_avatar\"><img loading=\"lazy\" decoding=\"async\" class=\"wp-post-image\" width=\"370\" height=\"480\" alt=\"Alberto Abourahal\" src=\"https:\/\/www.alimad.be\/wp-content\/uploads\/2016\/03\/plant-manager-1-370x480.jpg\"><\/div>\n\t\t\t\t<div class=\"sc_team_item_info\">\n\t\t\t\t\t<h5 class=\"sc_team_item_title\"><a href=\"https:\/\/www.alimad.be\/en\/team\/alberto-abourahal\/\">Alberto Abourahal<\/a><\/h5>\n\t\t\t\t\t<div class=\"sc_team_item_position\"><\/div>\n\t\t\t\t\t<div class=\"sc_team_item_description\">[vc_row][vc_column][vc_column_text]Plant Manager\u00a0 \u00a0 alberto@alimad.be[\/vc_column_text][\/vc_column][\/vc_row]<\/div>\n\t\t\t\t\t<div class=\"sc_socials sc_socials_type_icons sc_socials_shape_round sc_socials_size_tiny\"><div class=\"sc_socials_item\"><a href=\"https:\/\/www.facebook.com\/alimadfood\/\" target=\"_blank\" class=\"social_icons social_facebook\"><span class=\"icon-facebook\"><\/span><\/a><\/div><div class=\"sc_socials_item\"><a href=\"https:\/\/www.linkedin.com\/in\/alimad-food-s-a-354176157\/\" target=\"_blank\" class=\"social_icons social_linkedin\"><span class=\"icon-linkedin\"><\/span><\/a><\/div><\/div>\t\t\t\t<\/div>\n\t\t\t<\/div>\n\t\t<\/div><\/div><\/div><!-- \/.sc_team --><\/div><!-- \/.sc_team_wrap -->[\/vc_column][\/vc_row]<\/p>\n<\/div>","protected":false},"excerpt":{"rendered":"<p>[vc_row content_placement=&#8221;middle&#8221; css=&#8221;.vc_custom_1512576293047{margin-top: 75px !important;}&#8221;][vc_column width=&#8221;1\/2&#8243;][\/vc_column][vc_column width=&#8221;1\/2&#8243;][\/vc_column][\/vc_row][vc_row css=&#8221;.vc_custom_1458658244047{margin-top: 6.5rem !important;}&#8221;][vc_column][\/vc_column][\/vc_row]<\/p>\n","protected":false},"author":2,"featured_media":0,"parent":0,"menu_order":0,"comment_status":"closed","ping_status":"closed","template":"","meta":{"_exactmetrics_skip_tracking":false,"_exactmetrics_sitenote_active":false,"_exactmetrics_sitenote_note":"","_exactmetrics_sitenote_category":0,"_monsterinsights_skip_tracking":false,"_monsterinsights_sitenote_active":false,"_monsterinsights_sitenote_note":"","_monsterinsights_sitenote_category":0,"footnotes":""},"class_list":["post-2302","page","type-page","status-publish","hentry"],"yoast_head":"<!-- This site is optimized with the Yoast SEO plugin v26.8 - https:\/\/yoast.com\/product\/yoast-seo-wordpress\/ -->\n<title>About us - Alimad Food<\/title>\n<meta name=\"robots\" content=\"index, follow, max-snippet:-1, max-image-preview:large, max-video-preview:-1\" \/>\n<link rel=\"canonical\" href=\"https:\/\/www.alimad.be\/en\/about-us\/\" \/>\n<meta property=\"og:locale\" content=\"en_US\" \/>\n<meta property=\"og:type\" content=\"article\" \/>\n<meta property=\"og:title\" content=\"About us - Alimad Food\" \/>\n<meta property=\"og:description\" content=\"[vc_row content_placement=&#8221;middle&#8221; css=&#8221;.vc_custom_1512576293047{margin-top: 75px !important;}&#8221;][vc_column width=&#8221;1\/2&#8243;][\/vc_column][vc_column width=&#8221;1\/2&#8243;][\/vc_column][\/vc_row][vc_row css=&#8221;.vc_custom_1458658244047{margin-top: 6.5rem !important;}&#8221;][vc_column][\/vc_column][\/vc_row]\" \/>\n<meta property=\"og:url\" content=\"https:\/\/www.alimad.be\/en\/about-us\/\" \/>\n<meta property=\"og:site_name\" content=\"Alimad Food\" \/>\n<meta property=\"article:modified_time\" content=\"2018-01-17T09:30:46+00:00\" \/>\n<meta name=\"twitter:card\" content=\"summary_large_image\" \/>\n<meta name=\"twitter:label1\" content=\"Est. reading time\" \/>\n\t<meta name=\"twitter:data1\" content=\"2 minutes\" \/>\n<script type=\"application\/ld+json\" class=\"yoast-schema-graph\">{\"@context\":\"https:\/\/schema.org\",\"@graph\":[{\"@type\":\"WebPage\",\"@id\":\"https:\/\/www.alimad.be\/en\/about-us\/\",\"url\":\"https:\/\/www.alimad.be\/en\/about-us\/\",\"name\":\"About us - Alimad Food\",\"isPartOf\":{\"@id\":\"https:\/\/www.alimad.be\/#website\"},\"datePublished\":\"2018-01-15T13:51:33+00:00\",\"dateModified\":\"2018-01-17T09:30:46+00:00\",\"breadcrumb\":{\"@id\":\"https:\/\/www.alimad.be\/en\/about-us\/#breadcrumb\"},\"inLanguage\":\"en-US\",\"potentialAction\":[{\"@type\":\"ReadAction\",\"target\":[\"https:\/\/www.alimad.be\/en\/about-us\/\"]}]},{\"@type\":\"BreadcrumbList\",\"@id\":\"https:\/\/www.alimad.be\/en\/about-us\/#breadcrumb\",\"itemListElement\":[{\"@type\":\"ListItem\",\"position\":1,\"name\":\"Accueil\",\"item\":\"https:\/\/www.alimad.be\/en\/\"},{\"@type\":\"ListItem\",\"position\":2,\"name\":\"About us\"}]},{\"@type\":\"WebSite\",\"@id\":\"https:\/\/www.alimad.be\/#website\",\"url\":\"https:\/\/www.alimad.be\/\",\"name\":\"Alimad Food\",\"description\":\"Soci\u00e9t\u00e9 Belge de production de Jus, Sirop de Glucose et Eaux aromatis\u00e9es sous ses propres marques et sous marques de distributeurs.\",\"potentialAction\":[{\"@type\":\"SearchAction\",\"target\":{\"@type\":\"EntryPoint\",\"urlTemplate\":\"https:\/\/www.alimad.be\/?s={search_term_string}\"},\"query-input\":{\"@type\":\"PropertyValueSpecification\",\"valueRequired\":true,\"valueName\":\"search_term_string\"}}],\"inLanguage\":\"en-US\"}]}<\/script>\n<!-- \/ Yoast SEO plugin. -->","yoast_head_json":{"title":"About us - Alimad Food","robots":{"index":"index","follow":"follow","max-snippet":"max-snippet:-1","max-image-preview":"max-image-preview:large","max-video-preview":"max-video-preview:-1"},"canonical":"https:\/\/www.alimad.be\/en\/about-us\/","og_locale":"en_US","og_type":"article","og_title":"About us - Alimad Food","og_description":"[vc_row content_placement=&#8221;middle&#8221; css=&#8221;.vc_custom_1512576293047{margin-top: 75px !important;}&#8221;][vc_column width=&#8221;1\/2&#8243;][\/vc_column][vc_column width=&#8221;1\/2&#8243;][\/vc_column][\/vc_row][vc_row css=&#8221;.vc_custom_1458658244047{margin-top: 6.5rem !important;}&#8221;][vc_column][\/vc_column][\/vc_row]","og_url":"https:\/\/www.alimad.be\/en\/about-us\/","og_site_name":"Alimad Food","article_modified_time":"2018-01-17T09:30:46+00:00","twitter_card":"summary_large_image","twitter_misc":{"Est. reading time":"2 minutes"},"schema":{"@context":"https:\/\/schema.org","@graph":[{"@type":"WebPage","@id":"https:\/\/www.alimad.be\/en\/about-us\/","url":"https:\/\/www.alimad.be\/en\/about-us\/","name":"About us - Alimad Food","isPartOf":{"@id":"https:\/\/www.alimad.be\/#website"},"datePublished":"2018-01-15T13:51:33+00:00","dateModified":"2018-01-17T09:30:46+00:00","breadcrumb":{"@id":"https:\/\/www.alimad.be\/en\/about-us\/#breadcrumb"},"inLanguage":"en-US","potentialAction":[{"@type":"ReadAction","target":["https:\/\/www.alimad.be\/en\/about-us\/"]}]},{"@type":"BreadcrumbList","@id":"https:\/\/www.alimad.be\/en\/about-us\/#breadcrumb","itemListElement":[{"@type":"ListItem","position":1,"name":"Accueil","item":"https:\/\/www.alimad.be\/en\/"},{"@type":"ListItem","position":2,"name":"About us"}]},{"@type":"WebSite","@id":"https:\/\/www.alimad.be\/#website","url":"https:\/\/www.alimad.be\/","name":"Alimad Food","description":"Soci\u00e9t\u00e9 Belge de production de Jus, Sirop de Glucose et Eaux aromatis\u00e9es sous ses propres marques et sous marques de distributeurs.","potentialAction":[{"@type":"SearchAction","target":{"@type":"EntryPoint","urlTemplate":"https:\/\/www.alimad.be\/?s={search_term_string}"},"query-input":{"@type":"PropertyValueSpecification","valueRequired":true,"valueName":"search_term_string"}}],"inLanguage":"en-US"}]}},"_links":{"self":[{"href":"https:\/\/www.alimad.be\/en\/wp-json\/wp\/v2\/pages\/2302","targetHints":{"allow":["GET"]}}],"collection":[{"href":"https:\/\/www.alimad.be\/en\/wp-json\/wp\/v2\/pages"}],"about":[{"href":"https:\/\/www.alimad.be\/en\/wp-json\/wp\/v2\/types\/page"}],"author":[{"embeddable":true,"href":"https:\/\/www.alimad.be\/en\/wp-json\/wp\/v2\/users\/2"}],"replies":[{"embeddable":true,"href":"https:\/\/www.alimad.be\/en\/wp-json\/wp\/v2\/comments?post=2302"}],"version-history":[{"count":5,"href":"https:\/\/www.alimad.be\/en\/wp-json\/wp\/v2\/pages\/2302\/revisions"}],"predecessor-version":[{"id":2486,"href":"https:\/\/www.alimad.be\/en\/wp-json\/wp\/v2\/pages\/2302\/revisions\/2486"}],"wp:attachment":[{"href":"https:\/\/www.alimad.be\/en\/wp-json\/wp\/v2\/media?parent=2302"}],"curies":[{"name":"wp","href":"https:\/\/api.w.org\/{rel}","templated":true}]}}